{"id":293,"date":"2025-07-09T19:01:28","date_gmt":"2025-07-09T19:01:28","guid":{"rendered":"http:\/\/localhost:8888\/wordpress\/?page_id=293"},"modified":"2025-07-18T12:30:59","modified_gmt":"2025-07-18T12:30:59","slug":"restaurants-freizeit","status":"publish","type":"page","link":"https:\/\/www.poppkeguesthouse.com\/wordpress\/?page_id=293&lang=de","title":{"rendered":"Restaurants &amp; Freizeit"},"content":{"rendered":"\n<h2 class=\"wp-block-heading\"><strong>Rest<\/strong>aurants<\/h2>\n\n\n\n<p class=\"has-text-align-left\"><strong>Restaurant Kutjeva\u010dki Podrum<\/strong><br><mark style=\"background-color:rgba(0, 0, 0, 0)\" class=\"has-inline-color has-black-color\">Ul. Zdenka Turkovi\u0107a 1, 34340 Kutjevo<br><strong>+385 34 255 500<\/strong><\/mark><\/p>\n\n\n\n<p><strong>Restaurant Slavonska ku\u0107a Vinkomir<\/strong><br><mark style=\"background-color:rgba(0, 0, 0, 0)\" class=\"has-inline-color has-black-color\">Bana Josipa Jela\u010di\u0107a 57, 34340 Kutjevo<br><strong>+385 99 475 0360<\/strong><\/mark><\/p>\n\n\n\n<p><strong>Bistro Superslav<\/strong><br><mark style=\"background-color:rgba(0, 0, 0, 0)\" class=\"has-inline-color has-black-color\">Trg Gra\u0161evine 4-1, 34340 Kutjevo<br><strong>+385 99 512 2312<\/strong><\/mark><\/p>\n\n\n\n<p><strong>Pizza Bar Jeronim<\/strong><br><mark style=\"background-color:rgba(0, 0, 0, 0)\" class=\"has-inline-color has-black-color\">Ul. Republike Hrvatske 51, 34340 Kutjevo<br><strong>+385 34 255 447<\/strong><\/mark><\/p>\n\n\n\n<p><strong>Restaurant Shhhuma<\/strong><br><mark style=\"background-color:rgba(0, 0, 0, 0)\" class=\"has-inline-color has-black-color\">Cirakijeva ulica 40, 34330 Velika<br><strong>+385 91 3000 494<\/strong><\/mark><\/p>\n\n\n\n<p><strong>Berghaus Jankovac<\/strong><br><mark style=\"background-color:rgba(0, 0, 0, 0)\" class=\"has-inline-color has-black-color\">Jankovac, 33415 Slatinski Drenovac<br><strong>+385 33 898 7015<\/strong><\/mark><\/p>\n\n\n\n<h2 class=\"wp-block-heading\">Weing\u00fcter<\/h2>\n\n\n\n<p><strong>KRAUTHAKER d.o.o.<\/strong><br><mark style=\"background-color:rgba(0, 0, 0, 0)\" class=\"has-inline-color has-black-color\">Ulica Vidim, 34340 Kutjevo<br><strong>+385 34 315 000<\/strong><\/mark><\/p>\n\n\n\n<p><strong>Weingut Gali\u0107<\/strong><br><mark style=\"background-color:rgba(0, 0, 0, 0)\" class=\"has-inline-color has-black-color\">Ul. Republike Hrvatske 125, 34340 Kutjevo<br><strong>+385 99 440 0569<\/strong><\/mark><\/p>\n\n\n\n<p><strong>Kutjeva\u010dki Podrum<\/strong><br><mark style=\"background-color:rgba(0, 0, 0, 0)\" class=\"has-inline-color has-black-color\">Ul. kralja Tomislava 1, 34340 Kutjevo<br><strong>+385 99 379 9822<\/strong><\/mark><\/p>\n\n\n\n<p><strong>Weingut Sontacchi<\/strong><br><mark style=\"background-color:rgba(0, 0, 0, 0)\" class=\"has-inline-color has-black-color\">Trg Gra\u0161evine 4, 34340 Kutjevo<br><strong>+385 99 512 2312<\/strong><\/mark><\/p>\n\n\n\n<h2 class=\"wp-block-heading\">Freizeit<\/h2>\n\n\n\n<p><strong>Geo info center Vo\u0107in<\/strong><br><mark style=\"background-color:rgba(0, 0, 0, 0)\" class=\"has-inline-color has-black-color\">Das Geo Info Center in Vo\u0107in ist mit seinen multimedialen und<br>interaktiven Ausstellungen der Ausgangspunkt, um den<br>Geopark Papuk kennenzulernen.<br><strong>Nikole \u0160ubi\u0107a Zrinskog 1, 33522 Vo\u0107in<\/strong><br><strong>+385 33 726 016<\/strong><\/mark><\/p>\n\n\n\n<p><strong>Aquapark Shhhuma<\/strong><br><mark style=\"background-color:rgba(0, 0, 0, 0)\" class=\"has-inline-color has-black-color\">Hier erwarten Sie actionreiche Wasserrutschen, entspannende<br>Schwimmbecken und zahlreiche Aktivit\u00e4ten f\u00fcr die ganze Familie.<br><strong>Cirakijeva ulica 40, 34330 Velika<\/strong><br><strong>+385 91 3000 494<\/strong><\/mark><\/p>\n\n\n\n<p><strong>Orahovica See<\/strong><br><mark style=\"background-color:rgba(0, 0, 0, 0)\" class=\"has-inline-color has-black-color\">Sportpl\u00e4tze, Kinderangebote und eine angenehme Atmosph\u00e4re<br>machen das Ausflugsziel Orah zu einem idealen Ort f\u00fcr<br>Familienerholung und Freizeitgestaltung.<br><strong>Jezerska ulica, 33515 Duzluk, Orahovica<\/strong><\/mark><\/p>\n\n\n\n<p><strong>Lapovac See Na\u0161ice<\/strong><br><mark style=\"background-color:rgba(0, 0, 0, 0)\" class=\"has-inline-color has-black-color\">Der k\u00fcnstliche See in der N\u00e4he der Stadt Na\u0161ice ist ein ideales<br>Ziel f\u00fcr ein Familienpicknick, Schwimmen, Angeln oder<br>einen Ausflug in die Natur.<br><strong>Vikend naselje Na\u0161i\u010dko Brdo, 31500 Na\u0161ice<\/strong><\/mark><\/p>\n","protected":false},"excerpt":{"rendered":"<p>Restaurants Restaurant Kutjeva\u010dki PodrumUl. Zdenka Turkovi\u0107a 1, 34340 Kutjevo+385 34 255 500 Restaurant Slavonska ku\u0107a VinkomirBana Josipa Jela\u010di\u0107a 57, 34340 Kutjevo+385 99 475 0360 Bistro SuperslavTrg Gra\u0161evine 4-1, 34340 Kutjevo+385 99 512 2312 Pizza Bar JeronimUl. Republike Hrvatske 51, 34340 Kutjevo+385 34 255 447 Restaurant ShhhumaCirakijeva ulica 40, 34330 Velika+385 91 3000 494 Berghaus JankovacJankovac, &hellip;<br \/><a href=\"https:\/\/www.poppkeguesthouse.com\/wordpress\/?page_id=293&#038;lang=de\" class=\"more-link pen_button pen_element_default pen_icon_arrow_double\">Nastavite \u010ditati <span class=\"screen-reader-text\">Restaurants &amp; Freizeit<\/span><\/a><\/p>\n","protected":false},"author":1,"featured_media":0,"parent":0,"menu_order":0,"comment_status":"closed","ping_status":"closed","template":"","meta":{"footnotes":""},"class_list":["post-293","page","type-page","status-publish","hentry"],"_links":{"self":[{"href":"https:\/\/www.poppkeguesthouse.com\/wordpress\/index.php?rest_route=\/wp\/v2\/pages\/293","targetHints":{"allow":["GET"]}}],"collection":[{"href":"https:\/\/www.poppkeguesthouse.com\/wordpress\/index.php?rest_route=\/wp\/v2\/pages"}],"about":[{"href":"https:\/\/www.poppkeguesthouse.com\/wordpress\/index.php?rest_route=\/wp\/v2\/types\/page"}],"author":[{"embeddable":true,"href":"https:\/\/www.poppkeguesthouse.com\/wordpress\/index.php?rest_route=\/wp\/v2\/users\/1"}],"replies":[{"embeddable":true,"href":"https:\/\/www.poppkeguesthouse.com\/wordpress\/index.php?rest_route=%2Fwp%2Fv2%2Fcomments&post=293"}],"version-history":[{"count":2,"href":"https:\/\/www.poppkeguesthouse.com\/wordpress\/index.php?rest_route=\/wp\/v2\/pages\/293\/revisions"}],"predecessor-version":[{"id":392,"href":"https:\/\/www.poppkeguesthouse.com\/wordpress\/index.php?rest_route=\/wp\/v2\/pages\/293\/revisions\/392"}],"wp:attachment":[{"href":"https:\/\/www.poppkeguesthouse.com\/wordpress\/index.php?rest_route=%2Fwp%2Fv2%2Fmedia&parent=293"}],"curies":[{"name":"wp","href":"https:\/\/api.w.org\/{rel}","templated":true}]}}