{"id":291,"date":"2025-07-09T19:01:11","date_gmt":"2025-07-09T19:01:11","guid":{"rendered":"http:\/\/localhost:8888\/wordpress\/?page_id=291"},"modified":"2025-07-18T12:17:19","modified_gmt":"2025-07-18T12:17:19","slug":"restaurants-freetime","status":"publish","type":"page","link":"https:\/\/www.poppkeguesthouse.com\/wordpress\/?page_id=291&lang=en","title":{"rendered":"Restaurants &amp; Freetime"},"content":{"rendered":"\n<h2 class=\"wp-block-heading\"><strong>Rest<\/strong>aurants<\/h2>\n\n\n\n<p class=\"has-text-align-left\"><strong>Restaurant Kutjeva\u010dki Podrum<\/strong><br><mark style=\"background-color:rgba(0, 0, 0, 0)\" class=\"has-inline-color has-black-color\">Ul. Zdenka Turkovi\u0107a 1, 34340 Kutjevo<br><strong>+385 34 255 500<\/strong><\/mark><\/p>\n\n\n\n<p><strong>Restaurant Slavonska ku\u0107a Vinkomir<\/strong><br><mark style=\"background-color:rgba(0, 0, 0, 0)\" class=\"has-inline-color has-black-color\">Bana Josipa Jela\u010di\u0107a 57, 34340 Kutjevo<br><strong>+385 99 475 0360<\/strong><\/mark><\/p>\n\n\n\n<p><strong>Bistro Superslav<\/strong><br><mark style=\"background-color:rgba(0, 0, 0, 0)\" class=\"has-inline-color has-black-color\">Trg Gra\u0161evine 4-1, 34340 Kutjevo<br><strong>+385 99 512 2312<\/strong><\/mark><\/p>\n\n\n\n<p><strong>Pizza Bar Jeronim<\/strong><br><mark style=\"background-color:rgba(0, 0, 0, 0)\" class=\"has-inline-color has-black-color\">Ul. Republike Hrvatske 51, 34340 Kutjevo<br><strong>+385 34 255 447<\/strong><\/mark><\/p>\n\n\n\n<p><strong>Restaurant Shhhuma<\/strong><br><mark style=\"background-color:rgba(0, 0, 0, 0)\" class=\"has-inline-color has-black-color\">Cirakijeva ulica 40, 34330 Velika<br><strong>+385 91 3000 494<\/strong><\/mark><\/p>\n\n\n\n<p><strong>Mountain Lodge Jankovac<\/strong><br><mark style=\"background-color:rgba(0, 0, 0, 0)\" class=\"has-inline-color has-black-color\">Jankovac, 33415 Slatinski Drenovac<br><strong>+385 33 898 7015<\/strong><\/mark><\/p>\n\n\n\n<h2 class=\"wp-block-heading\">Wineries<\/h2>\n\n\n\n<p><strong>KRAUTHAKER d.o.o.<\/strong><br><mark style=\"background-color:rgba(0, 0, 0, 0)\" class=\"has-inline-color has-black-color\">Ulica Vidim, 34340 Kutjevo<br><strong>+385 34 315 000<\/strong><\/mark><\/p>\n\n\n\n<p><strong>Gali\u0107 Winery<\/strong><br><mark style=\"background-color:rgba(0, 0, 0, 0)\" class=\"has-inline-color has-black-color\">Ul. Republike Hrvatske 125, 34340 Kutjevo<br><strong>+385 99 440 0569<\/strong><\/mark><\/p>\n\n\n\n<p><strong>Kutjeva\u010dki Podrum<\/strong><br><mark style=\"background-color:rgba(0, 0, 0, 0)\" class=\"has-inline-color has-black-color\">Ul. kralja Tomislava 1, 34340 Kutjevo<br><strong>+385 99 379 9822<\/strong><\/mark><\/p>\n\n\n\n<p><strong>Winery Sontacchi<\/strong><br><mark style=\"background-color:rgba(0, 0, 0, 0)\" class=\"has-inline-color has-black-color\">Trg Gra\u0161evine 4, 34340 Kutjevo<br><strong>+385 99 512 2312<\/strong><\/mark><\/p>\n\n\n\n<h2 class=\"wp-block-heading\">Activities<\/h2>\n\n\n\n<p><strong>Geo info centar Vo\u0107in<\/strong><br><mark style=\"background-color:rgba(0, 0, 0, 0)\" class=\"has-inline-color has-black-color\">The Geo Info Center in Vo\u0107in, through its multimedia and interactive<br>exhibits, is the starting point for discovering the Papuk Geopark.<br><strong>Nikole \u0160ubi\u0107a Zrinskog 1, 33522 Vo\u0107in<\/strong><br><strong>+385 33 726 016<\/strong><\/mark><\/p>\n\n\n\n<p><strong>Aquapark Shhhuma<\/strong><br><mark style=\"background-color:rgba(0, 0, 0, 0)\" class=\"has-inline-color has-black-color\">Here, you\u2019ll find adrenaline-filled water slides, relaxing pools,<br>and plenty of activities for the whole family.<br><strong>Cirakijeva ulica 40, 34330 Velika<\/strong><br><strong>+385 91 3000 494<\/strong><\/mark><\/p>\n\n\n\n<p><strong>Orahovica Lake<\/strong><br><mark style=\"background-color:rgba(0, 0, 0, 0)\" class=\"has-inline-color has-black-color\">Sports courts, children\u2019s activities, and a pleasant atmosphere<br>make Orahovica Lake an ideal destination for family relaxation<br>and recreation.<br><strong>Jezerska ulica, 33515 Duzluk, Orahovica<\/strong><\/mark><\/p>\n\n\n\n<p><strong>Lapovac Lake Na\u0161ice<\/strong><br><mark style=\"background-color:rgba(0, 0, 0, 0)\" class=\"has-inline-color has-black-color\">The artificial lake near the town of Na\u0161ice is an ideal destination<br>for a family picnic, swimming, fishing, or a day out in nature.<br><strong>Vikend naselje Na\u0161i\u010dko Brdo, 31500 Na\u0161ice<\/strong><\/mark><\/p>\n\n\n\n<p><\/p>\n","protected":false},"excerpt":{"rendered":"<p>Restaurants Restaurant Kutjeva\u010dki PodrumUl. Zdenka Turkovi\u0107a 1, 34340 Kutjevo+385 34 255 500 Restaurant Slavonska ku\u0107a VinkomirBana Josipa Jela\u010di\u0107a 57, 34340 Kutjevo+385 99 475 0360 Bistro SuperslavTrg Gra\u0161evine 4-1, 34340 Kutjevo+385 99 512 2312 Pizza Bar JeronimUl. Republike Hrvatske 51, 34340 Kutjevo+385 34 255 447 Restaurant ShhhumaCirakijeva ulica 40, 34330 Velika+385 91 3000 494 Mountain Lodge &hellip;<br \/><a href=\"https:\/\/www.poppkeguesthouse.com\/wordpress\/?page_id=291&#038;lang=en\" class=\"more-link pen_button pen_element_default pen_icon_arrow_double\">Nastavite \u010ditati <span class=\"screen-reader-text\">Restaurants &amp; Freetime<\/span><\/a><\/p>\n","protected":false},"author":1,"featured_media":0,"parent":0,"menu_order":0,"comment_status":"closed","ping_status":"closed","template":"","meta":{"footnotes":""},"class_list":["post-291","page","type-page","status-publish","hentry"],"_links":{"self":[{"href":"https:\/\/www.poppkeguesthouse.com\/wordpress\/index.php?rest_route=\/wp\/v2\/pages\/291","targetHints":{"allow":["GET"]}}],"collection":[{"href":"https:\/\/www.poppkeguesthouse.com\/wordpress\/index.php?rest_route=\/wp\/v2\/pages"}],"about":[{"href":"https:\/\/www.poppkeguesthouse.com\/wordpress\/index.php?rest_route=\/wp\/v2\/types\/page"}],"author":[{"embeddable":true,"href":"https:\/\/www.poppkeguesthouse.com\/wordpress\/index.php?rest_route=\/wp\/v2\/users\/1"}],"replies":[{"embeddable":true,"href":"https:\/\/www.poppkeguesthouse.com\/wordpress\/index.php?rest_route=%2Fwp%2Fv2%2Fcomments&post=291"}],"version-history":[{"count":6,"href":"https:\/\/www.poppkeguesthouse.com\/wordpress\/index.php?rest_route=\/wp\/v2\/pages\/291\/revisions"}],"predecessor-version":[{"id":385,"href":"https:\/\/www.poppkeguesthouse.com\/wordpress\/index.php?rest_route=\/wp\/v2\/pages\/291\/revisions\/385"}],"wp:attachment":[{"href":"https:\/\/www.poppkeguesthouse.com\/wordpress\/index.php?rest_route=%2Fwp%2Fv2%2Fmedia&parent=291"}],"curies":[{"name":"wp","href":"https:\/\/api.w.org\/{rel}","templated":true}]}}