{"id":289,"date":"2025-07-09T19:00:54","date_gmt":"2025-07-09T19:00:54","guid":{"rendered":"http:\/\/localhost:8888\/wordpress\/?page_id=289"},"modified":"2025-07-18T12:22:26","modified_gmt":"2025-07-18T12:22:26","slug":"kontakt-2","status":"publish","type":"page","link":"https:\/\/www.poppkeguesthouse.com\/wordpress\/?page_id=289&lang=de","title":{"rendered":"Kontakt"},"content":{"rendered":"\n<p><mark style=\"background-color:rgba(0, 0, 0, 0)\" class=\"has-inline-color has-black-color\">F\u00fcr weitere Fragen und Informationen stehen wir Ihnen gerne zur Verf\u00fcgung. Sie k\u00f6nnen uns telefonisch oder per E-Mail kontaktieren.<\/mark><\/p>\n\n\n\n<p><mark style=\"background-color:rgba(0, 0, 0, 0)\" class=\"has-inline-color has-black-color\"><strong>Mobil DE:<\/strong> +491741514140<\/mark><\/p>\n\n\n\n<p><mark style=\"background-color:rgba(0, 0, 0, 0)\" class=\"has-inline-color has-black-color\"><strong>Mobil HR: <\/strong>+385917531639<\/mark><\/p>\n\n\n\n<p><mark style=\"background-color:rgba(0, 0, 0, 0)\" class=\"has-inline-color has-black-color\"><strong>E-Mail<\/strong>: poppkeguesthouse@gmail.com<\/mark><\/p>\n\n\n\n<p><\/p>\n","protected":false},"excerpt":{"rendered":"<p>F\u00fcr weitere Fragen und Informationen stehen wir Ihnen gerne zur Verf\u00fcgung. Sie k\u00f6nnen uns telefonisch oder per E-Mail kontaktieren. Mobil DE: +491741514140 Mobil HR: +385917531639 E-Mail: poppkeguesthouse@gmail.com<\/p>\n","protected":false},"author":1,"featured_media":0,"parent":0,"menu_order":0,"comment_status":"closed","ping_status":"closed","template":"","meta":{"footnotes":""},"class_list":["post-289","page","type-page","status-publish","hentry"],"_links":{"self":[{"href":"https:\/\/www.poppkeguesthouse.com\/wordpress\/index.php?rest_route=\/wp\/v2\/pages\/289","targetHints":{"allow":["GET"]}}],"collection":[{"href":"https:\/\/www.poppkeguesthouse.com\/wordpress\/index.php?rest_route=\/wp\/v2\/pages"}],"about":[{"href":"https:\/\/www.poppkeguesthouse.com\/wordpress\/index.php?rest_route=\/wp\/v2\/types\/page"}],"author":[{"embeddable":true,"href":"https:\/\/www.poppkeguesthouse.com\/wordpress\/index.php?rest_route=\/wp\/v2\/users\/1"}],"replies":[{"embeddable":true,"href":"https:\/\/www.poppkeguesthouse.com\/wordpress\/index.php?rest_route=%2Fwp%2Fv2%2Fcomments&post=289"}],"version-history":[{"count":2,"href":"https:\/\/www.poppkeguesthouse.com\/wordpress\/index.php?rest_route=\/wp\/v2\/pages\/289\/revisions"}],"predecessor-version":[{"id":390,"href":"https:\/\/www.poppkeguesthouse.com\/wordpress\/index.php?rest_route=\/wp\/v2\/pages\/289\/revisions\/390"}],"wp:attachment":[{"href":"https:\/\/www.poppkeguesthouse.com\/wordpress\/index.php?rest_route=%2Fwp%2Fv2%2Fmedia&parent=289"}],"curies":[{"name":"wp","href":"https:\/\/api.w.org\/{rel}","templated":true}]}}