{"id":13,"date":"2025-07-05T20:56:38","date_gmt":"2025-07-05T20:56:38","guid":{"rendered":"http:\/\/localhost:8888\/wordpress\/?page_id=13"},"modified":"2025-07-18T12:47:25","modified_gmt":"2025-07-18T12:47:25","slug":"restorani-razonoda","status":"publish","type":"page","link":"https:\/\/www.poppkeguesthouse.com\/wordpress\/?page_id=13&lang=hr","title":{"rendered":"Restorani &#038; Razonoda"},"content":{"rendered":"\n<h2 class=\"wp-block-heading\"><strong>Restorani<\/strong><\/h2>\n\n\n\n<p class=\"has-text-align-left\"><strong>Restoran Kutjeva\u010dki Podrum<\/strong><br><mark style=\"background-color:rgba(0, 0, 0, 0)\" class=\"has-inline-color has-black-color\">Ul. Zdenka Turkovi\u0107a 1, 34340 Kutjevo<br><strong>+385 34 255 500<\/strong><\/mark><\/p>\n\n\n\n<p><strong>Restoran Slavonska ku\u0107a Vinkomir<\/strong><br><mark style=\"background-color:rgba(0, 0, 0, 0)\" class=\"has-inline-color has-black-color\">Bana Josipa Jela\u010di\u0107a 57, 34340 Kutjevo<br><strong>+385 99 475 0360<\/strong><\/mark><\/p>\n\n\n\n<p><strong>Bistro Superslav<\/strong><br><mark style=\"background-color:rgba(0, 0, 0, 0)\" class=\"has-inline-color has-black-color\">Trg Gra\u0161evine 4-1, 34340 Kutjevo<br><strong>+385 99 512 2312<\/strong><\/mark><\/p>\n\n\n\n<p><strong>Pizza Bar Jeronim<\/strong><br><mark style=\"background-color:rgba(0, 0, 0, 0)\" class=\"has-inline-color has-black-color\">Ul. Republike Hrvatske 51, 34340 Kutjevo<br><strong>+385 34 255 447<\/strong><\/mark><\/p>\n\n\n\n<p><strong>Restoran Shhhuma<\/strong><br><mark style=\"background-color:rgba(0, 0, 0, 0)\" class=\"has-inline-color has-black-color\">Cirakijeva ulica 40, 34330 Velika<br><strong>+385 91 3000 494<\/strong><\/mark><\/p>\n\n\n\n<p><strong>Planinarski dom Jankovac<\/strong><br><mark style=\"background-color:rgba(0, 0, 0, 0)\" class=\"has-inline-color has-black-color\">Jankovac, 33415 Slatinski Drenovac<br><strong>+385 33 898 7015<\/strong><\/mark><\/p>\n\n\n\n<h2 class=\"wp-block-heading\"><strong>Vinarije<\/strong><\/h2>\n\n\n\n<p><strong>KRAUTHAKER d.o.o.<\/strong><br><mark style=\"background-color:rgba(0, 0, 0, 0)\" class=\"has-inline-color has-black-color\">Ulica Vidim, 34340 Kutjevo<br><strong>+385 34 315 000<\/strong><\/mark><\/p>\n\n\n\n<p><strong>Gali\u0107 Winery<\/strong><br><mark style=\"background-color:rgba(0, 0, 0, 0)\" class=\"has-inline-color has-black-color\">Ul. Republike Hrvatske 125, 34340 Kutjevo<br><strong>+385 99 440 0569<\/strong><\/mark><\/p>\n\n\n\n<p><strong>Kutjeva\u010dki Podrum<\/strong><br><mark style=\"background-color:rgba(0, 0, 0, 0)\" class=\"has-inline-color has-black-color\">Ul. kralja Tomislava 1, 34340 Kutjevo<br><strong>+385 99 379 9822<\/strong><\/mark><\/p>\n\n\n\n<p><strong>Vinarija Sontacchi<\/strong><br><mark style=\"background-color:rgba(0, 0, 0, 0)\" class=\"has-inline-color has-black-color\">Trg Gra\u0161evine 4, 34340 Kutjevo<br><strong>+385 99 512 2312<\/strong><\/mark><\/p>\n\n\n\n<h2 class=\"wp-block-heading\">Razonoda<\/h2>\n\n\n\n<p><strong>Geo info centar Vo\u0107in<\/strong><br><mark style=\"background-color:rgba(0, 0, 0, 0)\" class=\"has-inline-color has-black-color\">Geoinfo centar u Vo\u0107inu, kroz multimedijalni i interaktivni postav<br>po\u010detna je to\u010dka za upoznavanje s Geoparkom Papuk.<br>Nikole \u0160ubi\u0107a Zrinskog 1, 33522 Vo\u0107in<br><strong>+385 33 726 016<\/strong><\/mark><\/p>\n\n\n\n<p><strong>Aquapark Shhhuma<\/strong><br><mark style=\"background-color:rgba(0, 0, 0, 0)\" class=\"has-inline-color has-black-color\">Ovdje vas o\u010dekuju adrenalinski tobogani, bazeni za opu\u0161tanje i<br>brojni sadr\u017eaji za cijelu obitelj.<br>Cirakijeva ulica 40, 34330 Velika<br><strong>+385 91 3000 494<\/strong><\/mark><\/p>\n\n\n\n<p><strong>Jezero Orahovica<\/strong><br><mark style=\"background-color:rgba(0, 0, 0, 0)\" class=\"has-inline-color has-black-color\">Sportski tereni, sadr\u017eaji za djecu, vrhunska gastro ponuda i<br>ugodna atmosfera \u010dine Izleti\u0161te Orah idealnim mjestom za<br>obiteljski odmor i rekreaciju.<br><strong>Jezerska ulica, 33515 Duzluk, Orahovica<\/strong><\/mark><\/p>\n\n\n\n<p><strong>Jezero Lapovac Na\u0161ice<\/strong><br><mark style=\"background-color:rgba(0, 0, 0, 0)\" class=\"has-inline-color has-black-color\">Umjetno jezero u blizini grada Na\u0161ica je idealna destinacija za<br>obiteljski piknik, kupanje, pecanje ili izlet u prirodu.<br><strong>Vikend naselje Na\u0161i\u010dko Brdo, 31500 Na\u0161ice<\/strong><\/mark><\/p>\n","protected":false},"excerpt":{"rendered":"<p>Restorani Restoran Kutjeva\u010dki PodrumUl. Zdenka Turkovi\u0107a 1, 34340 Kutjevo+385 34 255 500 Restoran Slavonska ku\u0107a VinkomirBana Josipa Jela\u010di\u0107a 57, 34340 Kutjevo+385 99 475 0360 Bistro SuperslavTrg Gra\u0161evine 4-1, 34340 Kutjevo+385 99 512 2312 Pizza Bar JeronimUl. Republike Hrvatske 51, 34340 Kutjevo+385 34 255 447 Restoran ShhhumaCirakijeva ulica 40, 34330 Velika+385 91 3000 494 Planinarski dom &hellip;<br \/><a href=\"https:\/\/www.poppkeguesthouse.com\/wordpress\/?page_id=13&#038;lang=hr\" class=\"more-link pen_button pen_element_default pen_icon_arrow_double\">Nastavite \u010ditati <span class=\"screen-reader-text\">Restorani &#038; Razonoda<\/span><\/a><\/p>\n","protected":false},"author":1,"featured_media":0,"parent":0,"menu_order":0,"comment_status":"closed","ping_status":"closed","template":"","meta":{"footnotes":""},"class_list":["post-13","page","type-page","status-publish","hentry"],"_links":{"self":[{"href":"https:\/\/www.poppkeguesthouse.com\/wordpress\/index.php?rest_route=\/wp\/v2\/pages\/13","targetHints":{"allow":["GET"]}}],"collection":[{"href":"https:\/\/www.poppkeguesthouse.com\/wordpress\/index.php?rest_route=\/wp\/v2\/pages"}],"about":[{"href":"https:\/\/www.poppkeguesthouse.com\/wordpress\/index.php?rest_route=\/wp\/v2\/types\/page"}],"author":[{"embeddable":true,"href":"https:\/\/www.poppkeguesthouse.com\/wordpress\/index.php?rest_route=\/wp\/v2\/users\/1"}],"replies":[{"embeddable":true,"href":"https:\/\/www.poppkeguesthouse.com\/wordpress\/index.php?rest_route=%2Fwp%2Fv2%2Fcomments&post=13"}],"version-history":[{"count":16,"href":"https:\/\/www.poppkeguesthouse.com\/wordpress\/index.php?rest_route=\/wp\/v2\/pages\/13\/revisions"}],"predecessor-version":[{"id":396,"href":"https:\/\/www.poppkeguesthouse.com\/wordpress\/index.php?rest_route=\/wp\/v2\/pages\/13\/revisions\/396"}],"wp:attachment":[{"href":"https:\/\/www.poppkeguesthouse.com\/wordpress\/index.php?rest_route=%2Fwp%2Fv2%2Fmedia&parent=13"}],"curies":[{"name":"wp","href":"https:\/\/api.w.org\/{rel}","templated":true}]}}